{"id":1009,"date":"2023-03-01T17:45:13","date_gmt":"2023-03-01T15:45:13","guid":{"rendered":"http:\/\/goerlitzer-meridian.de\/?page_id=1009"},"modified":"2023-03-01T17:51:05","modified_gmt":"2023-03-01T15:51:05","slug":"2021-heinz-und-ingrid-von-matthey","status":"publish","type":"page","link":"https:\/\/goerlitzer-meridian.de\/?page_id=1009","title":{"rendered":"2021 \u2013 Heinz und Ingrid von Matthey"},"content":{"rendered":"<div id=\"attachment_867\" style=\"width: 464px\" class=\"wp-caption alignleft\"><img loading=\"lazy\" decoding=\"async\" aria-describedby=\"caption-attachment-867\" class=\"wp-image-867\" src=\"https:\/\/goerlitzer-meridian.de\/wp-content\/uploads\/2021\/03\/Heinz-u-Ingrid-von-Matthey-2019-c-JGitschmann.jpg\" alt=\"Heinz und Ingrid von Matthey\" width=\"454\" height=\"438\" \/><p id=\"caption-attachment-867\" class=\"wp-caption-text\">Heinz und Ingrid von Matthey k\u00f6nnen auf viele gemeinsame Naturfilm-Produktionen f\u00fcr ARD, ZDF und ARTE zur\u00fcckschauen (c) Jacqueline Gitschmann<\/p><\/div>\n<p>Heinz und Ingrid von Matthey geh\u00f6ren zu den Pionieren des deutschen Naturfilms. Seit den 1960er Jahren sind sie im Filmgesch\u00e4ft aktiv und schufen ein beachtliches Werk von mehr als einhundert Filmen, f\u00fcr die sie viele internationale und nationale Preise erhielten. Jahrzehntelang produzierte das Ehepaar unter anderem Filme f\u00fcr ARD, ZDF und ARTE. Unvergessen sind zum Beispiel ihre Dokumentationen in Zusammenarbeit mit Volker Arzt. In ihrer Laufbahn f\u00f6rderten sie stets auch Nachwuchstalente, von denen einige heute zu den wichtigen Naturfilmern z\u00e4hlen. Seit ihrem R\u00fcckzug aus dem aktiven Filmgesch\u00e4ft engagieren sich Ingrid und Heinz von Matthey ehrenamtlich f\u00fcr verschiedene Naturfilmfestivals und liefern somit weiterhin wichtige Impulse f\u00fcr dieses Genre.<\/p>\n","protected":false},"excerpt":{"rendered":"<p>Heinz und Ingrid von Matthey geh\u00f6ren zu den Pionieren des deutschen Naturfilms. Seit den 1960er Jahren sind sie im Filmgesch\u00e4ft aktiv und schufen ein beachtliches Werk von mehr als einhundert Filmen, f\u00fcr die sie viele internationale und nationale Preise erhielten. Jahrzehntelang produzierte das Ehepaar unter anderem Filme f\u00fcr ARD, ZDF und ARTE. Unvergessen sind zum [&hellip;]<\/p>\n","protected":false},"author":1,"featured_media":0,"parent":0,"menu_order":0,"comment_status":"closed","ping_status":"closed","template":"","meta":{"footnotes":""},"class_list":["post-1009","page","type-page","status-publish","hentry"],"_links":{"self":[{"href":"https:\/\/goerlitzer-meridian.de\/index.php?rest_route=\/wp\/v2\/pages\/1009","targetHints":{"allow":["GET"]}}],"collection":[{"href":"https:\/\/goerlitzer-meridian.de\/index.php?rest_route=\/wp\/v2\/pages"}],"about":[{"href":"https:\/\/goerlitzer-meridian.de\/index.php?rest_route=\/wp\/v2\/types\/page"}],"author":[{"embeddable":true,"href":"https:\/\/goerlitzer-meridian.de\/index.php?rest_route=\/wp\/v2\/users\/1"}],"replies":[{"embeddable":true,"href":"https:\/\/goerlitzer-meridian.de\/index.php?rest_route=%2Fwp%2Fv2%2Fcomments&post=1009"}],"version-history":[{"count":6,"href":"https:\/\/goerlitzer-meridian.de\/index.php?rest_route=\/wp\/v2\/pages\/1009\/revisions"}],"predecessor-version":[{"id":1021,"href":"https:\/\/goerlitzer-meridian.de\/index.php?rest_route=\/wp\/v2\/pages\/1009\/revisions\/1021"}],"wp:attachment":[{"href":"https:\/\/goerlitzer-meridian.de\/index.php?rest_route=%2Fwp%2Fv2%2Fmedia&parent=1009"}],"curies":[{"name":"wp","href":"https:\/\/api.w.org\/{rel}","templated":true}]}}