{"id":1059,"date":"2025-07-30T15:31:02","date_gmt":"2025-07-30T13:31:02","guid":{"rendered":"https:\/\/goerlitzer-meridian.de\/?page_id=1059"},"modified":"2025-07-30T15:31:02","modified_gmt":"2025-07-30T13:31:02","slug":"preistraeger-2023","status":"publish","type":"page","link":"https:\/\/goerlitzer-meridian.de\/?page_id=1059","title":{"rendered":"Preistr\u00e4ger 2023"},"content":{"rendered":"\n<h1 class=\"wp-block-heading\">Henry Mix<\/h1>\n\n\n<div id=\"attachment_1005\" style=\"width: 432px\" class=\"wp-caption alignleft\"><img loading=\"lazy\" decoding=\"async\" aria-describedby=\"caption-attachment-1005\" class=\"wp-image-1005\" src=\"https:\/\/goerlitzer-meridian.de\/wp-content\/uploads\/2023\/03\/Henry-Mix-Kopie.jpg\" alt=\"\" width=\"422\" height=\"494\" \/><p id=\"caption-attachment-1005\" class=\"wp-caption-text\">Henry Mix (c) privat<\/p><\/div>\n<p>Henry Mix ist gelernter Veterin\u00e4mediziner mit Schwerpunkt Wildtierbiologie und arbeitet seit \u00fcber 20 Jahren \u00e4u\u00dferst erfolgreich als Naturfilmer, Serienautor, Kameramann, Regisseur und Produzent.<\/p>\n<p>Seine Karriere als Tierfilmer begann 2001 als wissenschaftlicher Berater und Kameramann f\u00fcr britische Naturfilmproduktionen, u.a. der bis heute legend\u00e4ren BBC-Serie \u201ePlanet Earth\u201c, die nicht nur den Naturfilm revolutionierte, sondern auch den Blick auf unsere Erde.<\/p>\n<p>Sp\u00e4ter war er vorzugsweise f\u00fcr hochwertige ARD &#8211; Dokumentationen im Einsatz, u.a. f\u00fcr den NDR, MDR oder BR, oft in internationalen Koproduktionen mit ARTE, National Geographic, BBC oder Channel One Russia. Er leitete zahlreiche Expeditionen nach Zentralasien, Russland und in die Mongolei.<\/p>\n<p>Henry Mix erhielt mit seinen Partnern des Studios \u201e<em>ALTAYFILM<\/em>\u201c \u00fcber 50 Auszeichnungen, u. a. f\u00fcr \u201eAmerikas Naturwunder \u2013 Saguaro\u201c (Bester Film 2015 bei Green Screen), \u201eWildes Russland (Teil 5) \u2013 \u201eDer Ferne Osten\u201c (Bester Film 2009), \u201eWildes Deutschland \u2013 Die S\u00e4chsische Schweiz\u201c (Beste Kamera 2012) \u201eMegeti \u2013 Lost Wolf of Africa\u201c (Beste Story 2017 Greenscreen) und erst k\u00fcrzlich allein f\u00fcr \u201eAuf d\u00fcnnem Eis\u201c \u00fcber 20 nationale wie internationale Preise.<\/p>\n<p>Er war dar\u00fcber hinaus Serienproduzent, Kameramann und Autor vieler weiterer Naturfilme, u. a. 2008 f\u00fcr sechs Folgen \u201eWildes Russland\u201c (der bisher gr\u00f6\u00dften deutschen Naturfilm-Reihe), 2010 f\u00fcr drei Folgen \u201eExpedition Himalaja\u201c, 2014\u201eDer Gro\u00dfe Kaukasus\u201c, 2016 \u201eBigFive Asien \u2013 Der Amurtiger\u201c, 2019\/20 drei Folgen \u201eIm Reich der Wolga\u201c und 2021 \u201eDie Odyssee der Gro\u00dftrappen\u201c in seiner Brandenburgischen Heimat. In der Region besonders bekannt ist sein Film \u00fcber die Oberlausitz, der in enger Zusammenarbeit mit Dr. Axel Gebauer entstand.<\/p>\n<p>Henry Mix ist Mitglied des wissenschaftlichen Beirates der Stiftung Artenschutz, die Schutzprojekte f\u00fcr bedrohte Arten auf der ganzen Welt einsetzt.<\/p>\n<p>\u00a0<\/p>","protected":false},"excerpt":{"rendered":"<p>Henry Mix Henry Mix ist gelernter Veterin\u00e4mediziner mit Schwerpunkt Wildtierbiologie und arbeitet seit \u00fcber 20 Jahren \u00e4u\u00dferst erfolgreich als Naturfilmer, Serienautor, Kameramann, Regisseur und Produzent. Seine Karriere als Tierfilmer begann 2001 als wissenschaftlicher Berater und Kameramann f\u00fcr britische Naturfilmproduktionen, u.a. der bis heute legend\u00e4ren BBC-Serie \u201ePlanet Earth\u201c, die nicht nur den Naturfilm revolutionierte, sondern auch [&hellip;]<\/p>\n","protected":false},"author":1,"featured_media":0,"parent":0,"menu_order":0,"comment_status":"closed","ping_status":"closed","template":"","meta":{"footnotes":""},"class_list":["post-1059","page","type-page","status-publish","hentry"],"_links":{"self":[{"href":"https:\/\/goerlitzer-meridian.de\/index.php?rest_route=\/wp\/v2\/pages\/1059","targetHints":{"allow":["GET"]}}],"collection":[{"href":"https:\/\/goerlitzer-meridian.de\/index.php?rest_route=\/wp\/v2\/pages"}],"about":[{"href":"https:\/\/goerlitzer-meridian.de\/index.php?rest_route=\/wp\/v2\/types\/page"}],"author":[{"embeddable":true,"href":"https:\/\/goerlitzer-meridian.de\/index.php?rest_route=\/wp\/v2\/users\/1"}],"replies":[{"embeddable":true,"href":"https:\/\/goerlitzer-meridian.de\/index.php?rest_route=%2Fwp%2Fv2%2Fcomments&post=1059"}],"version-history":[{"count":2,"href":"https:\/\/goerlitzer-meridian.de\/index.php?rest_route=\/wp\/v2\/pages\/1059\/revisions"}],"predecessor-version":[{"id":1080,"href":"https:\/\/goerlitzer-meridian.de\/index.php?rest_route=\/wp\/v2\/pages\/1059\/revisions\/1080"}],"wp:attachment":[{"href":"https:\/\/goerlitzer-meridian.de\/index.php?rest_route=%2Fwp%2Fv2%2Fmedia&parent=1059"}],"curies":[{"name":"wp","href":"https:\/\/api.w.org\/{rel}","templated":true}]}}