{"id":124,"date":"2014-01-29T12:38:27","date_gmt":"2014-01-29T10:38:27","guid":{"rendered":"http:\/\/goerlitzer-meridian.de\/?page_id=124"},"modified":"2021-02-26T13:49:40","modified_gmt":"2021-02-26T11:49:40","slug":"jury-2","status":"publish","type":"page","link":"https:\/\/goerlitzer-meridian.de\/?page_id=124","title":{"rendered":"Jury"},"content":{"rendered":"<p>Eine international renommierte Fachjury w\u00e4hlt alle zwei Jahre den Preistr\u00e4ger des G\u00f6rlitzer Meridians aus. Ihr geh\u00f6ren Vertreter des F\u00f6rderkreises des Naturkundemuseums, Naturfilmer, TV-Produzenten, Verleger und Buchautoren, die sich \u00fcberregional einen Namen gemacht haben, sowie der letzte Preistr\u00e4ger an.<\/p>\n<p><strong>Thomas Neumann<\/strong>, Apotheker und Vorsitzender des F\u00f6rderkreises Naturkundemuseum G\u00f6rlitz<strong><br \/>\n<\/strong><\/p>\n<p><strong>Prof. Dr. Willi Xylander<\/strong>, Direktor des Senckenberg Museums f\u00fcr Naturkunde G\u00f6rlitz und stellvertretender Vorsitzender des F\u00f6rderkreises<\/p>\n<p><strong>Christina Her\u00dfebroick<\/strong>, Redaktionsleiterin Natur\/Entdeckungen beim Mitteldeutschen Rundfunk in Leipzig<\/p>\n<p><strong>Dr. Friedrich Naglschmid<\/strong>, Stuttgart, Tierbuchautor, ehemaliger Pr\u00e4sident des Verbandes Deutscher Sporttaucher, Fachjournalist, Biologe und Verleger in der internationalen Naturbuchszene<\/p>\n<p><strong>Udo A. Zimmermann<\/strong> leitete \u00fcber viele Jahre die Redaktion &#8222;Tiere und Natur&#8220; des Bayerischen Rundfunks und war als Produzent, aber auch als Naturfilmer t\u00e4tig. Er ist einer der besten Kenner und F\u00f6rderer der deutschen Naturfilmszene und wurde 2015 mit dem Ehrenpreis des Deutschen Naturfilmpreises ausgezeichnet.<\/p>\n<p><strong>Annette und Klaus Scheurich,\u00a0<\/strong> Tr\u00e4ger des G\u00f6rlitzer Meridian Naturfilmpreises\u00a0 2019<\/p>\n<p><img loading=\"lazy\" decoding=\"async\" class=\"wp-image-642 size-full alignnone\" src=\"https:\/\/goerlitzer-meridian.de\/wp-content\/uploads\/2014\/01\/Filmpreis2015_06-c-J.-Gitschmann_600.jpg\" alt=\"\" width=\"600\" height=\"400\" \/><\/p>\n<p>Ehemalige Preistr\u00e4ger und Jurymitglieder bei der Preisverleihung an Dirk Steffens am 19. M\u00e4rz 2016. Von links nach rechts: Prof. Hans Fricke, Hans Schweiger, Christina Her\u00dfebroick, Dr. Friedrich Naglschmid, Monika Seiffert, Dirk Steffens, Karlheinz Baumann, Prof. Willi Xylander, Ernst Arendt, Thomas Neumann.<br \/>\nFoto: J. Gitschmann\/Senckenberg<\/p>\n","protected":false},"excerpt":{"rendered":"<p>Eine international renommierte Fachjury w\u00e4hlt alle zwei Jahre den Preistr\u00e4ger des G\u00f6rlitzer Meridians aus. Ihr geh\u00f6ren Vertreter des F\u00f6rderkreises des Naturkundemuseums, Naturfilmer, TV-Produzenten, Verleger und Buchautoren, die sich \u00fcberregional einen Namen gemacht haben, sowie der letzte Preistr\u00e4ger an. Thomas Neumann, Apotheker und Vorsitzender des F\u00f6rderkreises Naturkundemuseum G\u00f6rlitz Prof. Dr. Willi Xylander, Direktor des Senckenberg Museums [&hellip;]<\/p>\n","protected":false},"author":1,"featured_media":0,"parent":128,"menu_order":1,"comment_status":"closed","ping_status":"closed","template":"","meta":{"footnotes":""},"class_list":["post-124","page","type-page","status-publish","hentry"],"_links":{"self":[{"href":"https:\/\/goerlitzer-meridian.de\/index.php?rest_route=\/wp\/v2\/pages\/124","targetHints":{"allow":["GET"]}}],"collection":[{"href":"https:\/\/goerlitzer-meridian.de\/index.php?rest_route=\/wp\/v2\/pages"}],"about":[{"href":"https:\/\/goerlitzer-meridian.de\/index.php?rest_route=\/wp\/v2\/types\/page"}],"author":[{"embeddable":true,"href":"https:\/\/goerlitzer-meridian.de\/index.php?rest_route=\/wp\/v2\/users\/1"}],"replies":[{"embeddable":true,"href":"https:\/\/goerlitzer-meridian.de\/index.php?rest_route=%2Fwp%2Fv2%2Fcomments&post=124"}],"version-history":[{"count":29,"href":"https:\/\/goerlitzer-meridian.de\/index.php?rest_route=\/wp\/v2\/pages\/124\/revisions"}],"predecessor-version":[{"id":848,"href":"https:\/\/goerlitzer-meridian.de\/index.php?rest_route=\/wp\/v2\/pages\/124\/revisions\/848"}],"up":[{"embeddable":true,"href":"https:\/\/goerlitzer-meridian.de\/index.php?rest_route=\/wp\/v2\/pages\/128"}],"wp:attachment":[{"href":"https:\/\/goerlitzer-meridian.de\/index.php?rest_route=%2Fwp%2Fv2%2Fmedia&parent=124"}],"curies":[{"name":"wp","href":"https:\/\/api.w.org\/{rel}","templated":true}]}}