{"id":130,"date":"2014-01-29T12:46:19","date_gmt":"2014-01-29T10:46:19","guid":{"rendered":"http:\/\/goerlitzer-meridian.de\/?page_id=130"},"modified":"2025-07-30T15:28:25","modified_gmt":"2025-07-30T13:28:25","slug":"presse","status":"publish","type":"page","link":"https:\/\/goerlitzer-meridian.de\/?page_id=130","title":{"rendered":"Presse"},"content":{"rendered":"\n<p>Herzlich willkommen in unserem Pressebereich! Hier stellen wir Ihnen Informationen rund um den Filmpreis, aktuelle Pressemeldungen und Downloads zur Verf\u00fcgung.<\/p>\n\n\n\n<p><a href=\"https:\/\/museumgoerlitz.senckenberg.de\/de\/pressemeldungen\/18219-2\/\" data-type=\"URL\" data-id=\"https:\/\/museumgoerlitz.senckenberg.de\/de\/pressemeldungen\/18219-2\/\"><\/a><\/p>\n\n\n\n<hr class=\"wp-block-separator has-css-opacity\"\/>\n\n\n\n<h3 class=\"wp-block-heading\">Pressekontakt<\/h3>\n\n\n\n<p>Dr. Christian D\u00fcker (Senckenberg Museum f\u00fcr Naturkunde G\u00f6rlitz)<br>Tel.: +49 (0)3581 &#8211; 47605210<br>Mail: christian.dueker@senckenberg.de<\/p>\n\n\n\n<h3 class=\"wp-block-heading\">Presseverteiler<\/h3>\n\n\n\n<p>Wenn Sie unsere Pressemitteilungen erhalten m\u00f6chten, nehmen wir Sie gern in unseren Medienverteiler auf! Bitte senden Sie dazu eine Mail an christian.dueker@senckenberg.de<\/p>\n","protected":false},"excerpt":{"rendered":"<p>Herzlich willkommen in unserem Pressebereich! Hier stellen wir Ihnen Informationen rund um den Filmpreis, aktuelle Pressemeldungen und Downloads zur Verf\u00fcgung. Pressekontakt Dr. Christian D\u00fcker (Senckenberg Museum f\u00fcr Naturkunde G\u00f6rlitz)Tel.: +49 (0)3581 &#8211; 47605210Mail: christian.dueker@senckenberg.de Presseverteiler Wenn Sie unsere Pressemitteilungen erhalten m\u00f6chten, nehmen wir Sie gern in unseren Medienverteiler auf! Bitte senden Sie dazu eine Mail [&hellip;]<\/p>\n","protected":false},"author":1,"featured_media":0,"parent":0,"menu_order":0,"comment_status":"closed","ping_status":"closed","template":"","meta":{"footnotes":""},"class_list":["post-130","page","type-page","status-publish","hentry"],"_links":{"self":[{"href":"https:\/\/goerlitzer-meridian.de\/index.php?rest_route=\/wp\/v2\/pages\/130","targetHints":{"allow":["GET"]}}],"collection":[{"href":"https:\/\/goerlitzer-meridian.de\/index.php?rest_route=\/wp\/v2\/pages"}],"about":[{"href":"https:\/\/goerlitzer-meridian.de\/index.php?rest_route=\/wp\/v2\/types\/page"}],"author":[{"embeddable":true,"href":"https:\/\/goerlitzer-meridian.de\/index.php?rest_route=\/wp\/v2\/users\/1"}],"replies":[{"embeddable":true,"href":"https:\/\/goerlitzer-meridian.de\/index.php?rest_route=%2Fwp%2Fv2%2Fcomments&post=130"}],"version-history":[{"count":42,"href":"https:\/\/goerlitzer-meridian.de\/index.php?rest_route=\/wp\/v2\/pages\/130\/revisions"}],"predecessor-version":[{"id":1075,"href":"https:\/\/goerlitzer-meridian.de\/index.php?rest_route=\/wp\/v2\/pages\/130\/revisions\/1075"}],"wp:attachment":[{"href":"https:\/\/goerlitzer-meridian.de\/index.php?rest_route=%2Fwp%2Fv2%2Fmedia&parent=130"}],"curies":[{"name":"wp","href":"https:\/\/api.w.org\/{rel}","templated":true}]}}