{"id":265,"date":"2014-02-03T18:05:44","date_gmt":"2014-02-03T16:05:44","guid":{"rendered":"http:\/\/goerlitzer-meridian.de\/?page_id=265"},"modified":"2015-06-10T16:50:33","modified_gmt":"2015-06-10T14:50:33","slug":"prof-dr-ernst-waldemar-bauer","status":"publish","type":"page","link":"https:\/\/goerlitzer-meridian.de\/?page_id=265","title":{"rendered":"2007 \u2212 Prof. Dr. Ernst Waldemar Bauer \u2020"},"content":{"rendered":"<p><img loading=\"lazy\" decoding=\"async\" class=\"alignleft size-medium wp-image-266\" src=\"https:\/\/goerlitzer-meridian.de\/wp-content\/uploads\/2014\/02\/Bauer-mit-Ikegami-300x216.jpg\" alt=\"Wunder der Erde\" width=\"300\" height=\"216\" srcset=\"https:\/\/goerlitzer-meridian.de\/wp-content\/uploads\/2014\/02\/Bauer-mit-Ikegami-300x216.jpg 300w, https:\/\/goerlitzer-meridian.de\/wp-content\/uploads\/2014\/02\/Bauer-mit-Ikegami-1024x739.jpg 1024w\" sizes=\"auto, (max-width: 300px) 100vw, 300px\" \/>Der Fernsehpublizist, Biologe, Buchautor und Dokumentarfilmer <a title=\"Wikipedia-Seite \u00fcber Ernst W. Bauer\" href=\"http:\/\/de.wikipedia.org\/wiki\/Ernst_Waldemar_Bauer\" target=\"_blank\"><strong>Ernst Waldemar<\/strong> <strong>Bauer<\/strong><\/a> erhielt 2007 den G\u00f6rlitzer Meridian Naturfilmpreis f\u00fcr sein Gesamtwerk. Die von ihm konzipierte und vom Hessischen Rundfunk f\u00fcr die ARD produzierte Fernsehreihe \u201eWunder der Erde\u201c, die viele Jahre lang zur Prime-Time in der ARD lief, geh\u00f6rt zu den bekanntesten Serien. Bereits seit 1964 ist Ernst W. Bauer dem Fernsehpublikum als Moderator des \u201eAlbum der Natur\u201c im Hessischen Rundfunk bekannt. In seinen Sendungen verbindet er Didaktik mit Naturwissenschaft. Als Lehrer und Schulbuchautor versteht er es meisterhaft, komplizierte biologische und geologische Ph\u00e4nomene zu erkl\u00e4ren.<\/p>\n<p>Generationen von Zuschauern hat Waldemar Bauer in seiner sachlichen Art &#8211; mit dem schw\u00e4bischen Einschlag &#8211; die Welt erkl\u00e4rt. Ob es um die Ursachen von Vulkanausbr\u00fcchen, Erdbeben oder die Entstehung von H\u00f6hlen und Bernstein geht. Sein Lieblingsthema ist die Geologie, ohne die Tier- und Pflanzenwelt oder die Menschen der dargestellten Region zu vernachl\u00e4ssigen.<\/p>\n<p>\u201eWunder der Erde\u201c lief am 31. Dezember 2006 zum letzten Mal mit einer neuen Folge in der ARD. Nach 38 Jahren zog sich Waldemar Bauer aus dem \u201eFilmgesch\u00e4ft\u201c zur\u00fcck und ist damit der dienst\u00e4lteste Moderator der deutschen Filmbranche.<\/p>\n","protected":false},"excerpt":{"rendered":"<p>Der Fernsehpublizist, Biologe, Buchautor und Dokumentarfilmer Ernst Waldemar Bauer erhielt 2007 den G\u00f6rlitzer Meridian Naturfilmpreis f\u00fcr sein Gesamtwerk. Die von ihm konzipierte und vom Hessischen Rundfunk f\u00fcr die ARD produzierte Fernsehreihe \u201eWunder der Erde\u201c, die viele Jahre lang zur Prime-Time in der ARD lief, geh\u00f6rt zu den bekanntesten Serien. Bereits seit 1964 ist Ernst W. [&hellip;]<\/p>\n","protected":false},"author":1,"featured_media":0,"parent":126,"menu_order":3,"comment_status":"closed","ping_status":"closed","template":"","meta":{"footnotes":""},"class_list":["post-265","page","type-page","status-publish","hentry"],"_links":{"self":[{"href":"https:\/\/goerlitzer-meridian.de\/index.php?rest_route=\/wp\/v2\/pages\/265","targetHints":{"allow":["GET"]}}],"collection":[{"href":"https:\/\/goerlitzer-meridian.de\/index.php?rest_route=\/wp\/v2\/pages"}],"about":[{"href":"https:\/\/goerlitzer-meridian.de\/index.php?rest_route=\/wp\/v2\/types\/page"}],"author":[{"embeddable":true,"href":"https:\/\/goerlitzer-meridian.de\/index.php?rest_route=\/wp\/v2\/users\/1"}],"replies":[{"embeddable":true,"href":"https:\/\/goerlitzer-meridian.de\/index.php?rest_route=%2Fwp%2Fv2%2Fcomments&post=265"}],"version-history":[{"count":6,"href":"https:\/\/goerlitzer-meridian.de\/index.php?rest_route=\/wp\/v2\/pages\/265\/revisions"}],"predecessor-version":[{"id":502,"href":"https:\/\/goerlitzer-meridian.de\/index.php?rest_route=\/wp\/v2\/pages\/265\/revisions\/502"}],"up":[{"embeddable":true,"href":"https:\/\/goerlitzer-meridian.de\/index.php?rest_route=\/wp\/v2\/pages\/126"}],"wp:attachment":[{"href":"https:\/\/goerlitzer-meridian.de\/index.php?rest_route=%2Fwp%2Fv2%2Fmedia&parent=265"}],"curies":[{"name":"wp","href":"https:\/\/api.w.org\/{rel}","templated":true}]}}