{"id":271,"date":"2014-02-03T18:27:12","date_gmt":"2014-02-03T16:27:12","guid":{"rendered":"http:\/\/goerlitzer-meridian.de\/?page_id=271"},"modified":"2014-02-07T12:57:01","modified_gmt":"2014-02-07T10:57:01","slug":"2005-%e2%88%92-ernst-arendt-und-hans-schweiger","status":"publish","type":"page","link":"https:\/\/goerlitzer-meridian.de\/?page_id=271","title":{"rendered":"2005 \u2212 Ernst Arendt und Hans Schweiger"},"content":{"rendered":"<p><img loading=\"lazy\" decoding=\"async\" class=\"alignleft size-medium wp-image-304\" alt=\"Filmpreis Arendt &amp; Schweiger 2005 - 2\" src=\"https:\/\/goerlitzer-meridian.de\/wp-content\/uploads\/2014\/02\/Filmpreis-Arendt-Schweiger-2005-2-300x261.jpg\" width=\"300\" height=\"261\" srcset=\"https:\/\/goerlitzer-meridian.de\/wp-content\/uploads\/2014\/02\/Filmpreis-Arendt-Schweiger-2005-2-300x261.jpg 300w, https:\/\/goerlitzer-meridian.de\/wp-content\/uploads\/2014\/02\/Filmpreis-Arendt-Schweiger-2005-2-1024x893.jpg 1024w, https:\/\/goerlitzer-meridian.de\/wp-content\/uploads\/2014\/02\/Filmpreis-Arendt-Schweiger-2005-2.jpg 1558w\" sizes=\"auto, (max-width: 300px) 100vw, 300px\" \/><span>Die beiden deutschen Tierfilmer Ernst Arendt und Hans Schweiger erhielten 2005 den &#8222;G\u00f6rlitzer Meridian&#8220; f\u00fcr ihre TV-Reihe <strong><a title=\"Zur Seite der Sendung\" href=\"http:\/\/www.tierevorderkamera.de\/40213.html\" target=\"_blank\"><span>&#8222;Tiere vor der Kamera&#8220;<\/span><\/a><\/strong>.<\/span><\/p>\n<p><span>Diese Reihe, die seit \u00fcber 30 Jahren und in mehr als 100 L\u00e4ndern ausgestrahlt wird, gilt als eine der bedeutendsten im Genre des Naturfilms. Die hochrangig besetzte <strong><a title=\"Jury\" href=\"https:\/\/goerlitzer-meridian.de\/?page_id=124\" target=\"_blank\"><span>Jury<\/span><\/a><\/strong> des G\u00f6rlitzer Meridian Naturfilmpreises hob in ihrer Begr\u00fcndung f\u00fcr die Auswahl der diesj\u00e4hrigen Preistr\u00e4ger hervor, dass die beiden Tierfilmer ihre Produktionen mit gro\u00dfem pers\u00f6nlichem Einsatz realisieren und ihre Filme echte Naturdokumentationen darstellen. Sie produzieren ihre Filme komplett selbst, von der Recherche \u00fcber die Filmaufnahmen, Schnitt und Vertonung bis zur Kommentierung und Sprache und arbeiten bewusst nicht, wie heute branchen\u00fcblich, mit trainierten Tieren oder von anderen Tierfilmern produziertem Material.<\/span><\/p>\n<p><span><img loading=\"lazy\" decoding=\"async\" class=\"alignright size-medium wp-image-272\" alt=\"Meridian-Preistr\u00e4ger_2005\" src=\"https:\/\/goerlitzer-meridian.de\/wp-content\/uploads\/2014\/02\/Meridian-Preistr\u00e4ger_2005-300x199.jpg\" width=\"300\" height=\"199\" srcset=\"https:\/\/goerlitzer-meridian.de\/wp-content\/uploads\/2014\/02\/Meridian-Preistr\u00e4ger_2005-300x199.jpg 300w, https:\/\/goerlitzer-meridian.de\/wp-content\/uploads\/2014\/02\/Meridian-Preistr\u00e4ger_2005.jpg 1024w\" sizes=\"auto, (max-width: 300px) 100vw, 300px\" \/>Die beiden Tierfilmer realisieren dabei die Filmarbeiten mit gro\u00dfer Einf\u00fchlsamkeit ohne Gef\u00e4hrdung oder Beeintr\u00e4chtigung der Natur und verzichten bewusst auf Aufnahmen von bedrohten Arten.<\/span><\/p>\n<p><span>Die Serie &#8222;Tiere vor der Kamera&#8220; wird vom <strong><a title=\"Seite des Bayrischen Rundfunks\" href=\"http:\/\/www.br.de\/index.html\" target=\"_blank\"><span>Bayerischen Rundfunk<\/span><\/a><\/strong> produziert und seit 1977 im Abendprogramm der <strong><a title=\"ZUr Seite der ARD\" href=\"http:\/\/www.ard.de\/home\/ard\/ARD_Startseite\/21920\/index.html\" target=\"_blank\"><span>ARD<\/span><\/a><\/strong> ausgestrahlt.<\/span><\/p>\n<p><span>Ernst Arendt und Hans Schweiger wurden bereits mit verschiedenen Preisen, darunter der <strong><a href=\"http:\/\/www.goldenekamera.de\/de\/home\" target=\"_blank\"><span>&#8222;Goldenen Kamera&#8220;<\/span><\/a><\/strong>, dem <strong><a title=\"Zum Grimme-Preis\" href=\"http:\/\/www.grimme-institut.de\/html\/index.php?id=8\" target=\"_blank\"><span>&#8222;Grimmepreis&#8220;<\/span><\/a><\/strong> und dem <strong><a title=\"Zur Seite \u00fcber den Bayrischen Filmpreis\" href=\"http:\/\/www.bayern.de\/Medienpreise-.4181.10359369\/index.htm\" target=\"_blank\"><span>&#8222;Bayerischen Fernsehpreis&#8220;<\/span><\/a><\/strong> geehrt.<\/span><\/p>\n","protected":false},"excerpt":{"rendered":"<p>Die beiden deutschen Tierfilmer Ernst Arendt und Hans Schweiger erhielten 2005 den &#8222;G\u00f6rlitzer Meridian&#8220; f\u00fcr ihre TV-Reihe &#8222;Tiere vor der Kamera&#8220;. Diese Reihe, die seit \u00fcber 30 Jahren und in mehr als 100 L\u00e4ndern ausgestrahlt wird, gilt als eine der bedeutendsten im Genre des Naturfilms. Die hochrangig besetzte Jury des G\u00f6rlitzer Meridian Naturfilmpreises hob in [&hellip;]<\/p>\n","protected":false},"author":1,"featured_media":0,"parent":126,"menu_order":4,"comment_status":"closed","ping_status":"closed","template":"","meta":{"footnotes":""},"class_list":["post-271","page","type-page","status-publish","hentry"],"_links":{"self":[{"href":"https:\/\/goerlitzer-meridian.de\/index.php?rest_route=\/wp\/v2\/pages\/271","targetHints":{"allow":["GET"]}}],"collection":[{"href":"https:\/\/goerlitzer-meridian.de\/index.php?rest_route=\/wp\/v2\/pages"}],"about":[{"href":"https:\/\/goerlitzer-meridian.de\/index.php?rest_route=\/wp\/v2\/types\/page"}],"author":[{"embeddable":true,"href":"https:\/\/goerlitzer-meridian.de\/index.php?rest_route=\/wp\/v2\/users\/1"}],"replies":[{"embeddable":true,"href":"https:\/\/goerlitzer-meridian.de\/index.php?rest_route=%2Fwp%2Fv2%2Fcomments&post=271"}],"version-history":[{"count":4,"href":"https:\/\/goerlitzer-meridian.de\/index.php?rest_route=\/wp\/v2\/pages\/271\/revisions"}],"predecessor-version":[{"id":392,"href":"https:\/\/goerlitzer-meridian.de\/index.php?rest_route=\/wp\/v2\/pages\/271\/revisions\/392"}],"up":[{"embeddable":true,"href":"https:\/\/goerlitzer-meridian.de\/index.php?rest_route=\/wp\/v2\/pages\/126"}],"wp:attachment":[{"href":"https:\/\/goerlitzer-meridian.de\/index.php?rest_route=%2Fwp%2Fv2%2Fmedia&parent=271"}],"curies":[{"name":"wp","href":"https:\/\/api.w.org\/{rel}","templated":true}]}}