{"id":276,"date":"2014-02-03T18:40:17","date_gmt":"2014-02-03T16:40:17","guid":{"rendered":"http:\/\/goerlitzer-meridian.de\/?page_id=276"},"modified":"2014-02-07T12:58:05","modified_gmt":"2014-02-07T10:58:05","slug":"2003-%e2%88%92-prof-dr-hans-fricke","status":"publish","type":"page","link":"https:\/\/goerlitzer-meridian.de\/?page_id=276","title":{"rendered":"2003 \u2212 Prof. Dr. Hans Fricke"},"content":{"rendered":"<p><span><img loading=\"lazy\" decoding=\"async\" class=\"alignleft size-medium wp-image-311\" alt=\"DCF 1.0\" src=\"https:\/\/goerlitzer-meridian.de\/wp-content\/uploads\/2014\/02\/Filmpreis-Fricke-2003_neu-kleiner-300x223.jpg\" width=\"300\" height=\"223\" srcset=\"https:\/\/goerlitzer-meridian.de\/wp-content\/uploads\/2014\/02\/Filmpreis-Fricke-2003_neu-kleiner-300x223.jpg 300w, https:\/\/goerlitzer-meridian.de\/wp-content\/uploads\/2014\/02\/Filmpreis-Fricke-2003_neu-kleiner.jpg 856w\" sizes=\"auto, (max-width: 300px) 100vw, 300px\" \/>Seit \u00fcber 40 Jahren widmet sich Prof. Dr. Hans Fricke einer der wichtigsten und schwierigsten Aufgaben in einer modernen Informationsgesellschaft: der Vermittlung aktueller wissenschaftlicher Erkenntnis an eine breite \u00d6ffentlichkeit. Dem Verhaltensforscher und Konrad-Lorenz-Sch\u00fcler gelingt diese \u00dcbertragung mit seinen filmischen Dokumentationen, mit Fernsehproduktionen und popul\u00e4rwissenschaftlichen B\u00fcchern.<\/span><\/p>\n<p><span>Bereits in den 70er Jahren sorgten seine Filme \u00fcber das Verhalten von Korallenfischen in ihrem nat\u00fcrlichen Lebensraum f\u00fcr Furore: Ein Forscher beobachtete nicht nur seine Forschungsobjekte und deren Verhalten im Freiland unter Wasser, sondern wusste die experimentelle Fragestellung und die Antworten der Natur filmisch spannend umzusetzen und zur besten Sendezeit im <strong><a title=\"Zum ZDF\" href=\"http:\/\/www.zdf.de\/\" target=\"_blank\"><span>ZDF<\/span><\/a><\/strong> und bei gro\u00dfen internationalen Sendern wie <strong><a title=\"Zur BBC\" href=\"http:\/\/www.bbc.co.uk\/\" target=\"_blank\"><span>BBC<\/span><\/a><\/strong> und <strong><a title=\"Zur Discovery-Seite\" href=\"http:\/\/www.discovery.de\/\" target=\"_blank\"><span>DISCOVERY<\/span><\/a><\/strong> zu platzieren. Als einer der ersten weltweit schaffte Prof. Dr. Hans Fricke die Verbindung von international anerkannter Spitzenforschung und deren medienwirksame Aufbereitung f\u00fcr ein breites Publikum.<\/span><\/p>\n<p><span><img loading=\"lazy\" decoding=\"async\" class=\"alignright size-medium wp-image-285\" alt=\"Filmpreis_Fricke_U-boot\" src=\"https:\/\/goerlitzer-meridian.de\/wp-content\/uploads\/2014\/02\/Filmpreis_Fricke_U-boot-300x206.jpg\" width=\"300\" height=\"206\" srcset=\"https:\/\/goerlitzer-meridian.de\/wp-content\/uploads\/2014\/02\/Filmpreis_Fricke_U-boot-300x206.jpg 300w, https:\/\/goerlitzer-meridian.de\/wp-content\/uploads\/2014\/02\/Filmpreis_Fricke_U-boot.jpg 339w\" sizes=\"auto, (max-width: 300px) 100vw, 300px\" \/>Einige Jahre nach den Freilanduntersuchungen in den Korallenriffen trat er mit einer neuen spektakul\u00e4ren Aktion an das Fernsehpublikum heran. Mit den selbstentwickelten U-Booten &#8222;GEO&#8220; und &#8222;JAGO&#8220; startete er seine Tauchfahrten zu den Lebensr\u00e4umen des Quastenflossers Latimeria vor den Komoren. Hier gelang es ihm erstmals, diesen Urfisch in seinem Lebensraum zu filmen und neue Erkenntnisse \u00fcber die Sozialstruktur, das Verhalten und die Gef\u00e4hrdung der Tiere zu erlangen.<\/span><\/p>\n<p><span>Eine Vielzahl weiterer wissenschaftlicher Projekte, oft in f\u00fcr die Wissenschaftslandschaft in Deutschland ungew\u00f6hnlicher Kofinanzierung von Deutscher Forschungsgemeinschaft, GEO und ZDF sorgten f\u00fcr Aufsehen und brachten dem Forscher Hans Fricke nicht nur die Anerkennung seiner Kollegen, sondern auch der breiten \u00d6ffentlichkeit ein. Seine Filme wurden im In- und Ausland pr\u00e4miert.<\/span><\/p>\n","protected":false},"excerpt":{"rendered":"<p>Seit \u00fcber 40 Jahren widmet sich Prof. Dr. Hans Fricke einer der wichtigsten und schwierigsten Aufgaben in einer modernen Informationsgesellschaft: der Vermittlung aktueller wissenschaftlicher Erkenntnis an eine breite \u00d6ffentlichkeit. Dem Verhaltensforscher und Konrad-Lorenz-Sch\u00fcler gelingt diese \u00dcbertragung mit seinen filmischen Dokumentationen, mit Fernsehproduktionen und popul\u00e4rwissenschaftlichen B\u00fcchern. Bereits in den 70er Jahren sorgten seine Filme \u00fcber das [&hellip;]<\/p>\n","protected":false},"author":1,"featured_media":0,"parent":126,"menu_order":5,"comment_status":"closed","ping_status":"closed","template":"","meta":{"footnotes":""},"class_list":["post-276","page","type-page","status-publish","hentry"],"_links":{"self":[{"href":"https:\/\/goerlitzer-meridian.de\/index.php?rest_route=\/wp\/v2\/pages\/276","targetHints":{"allow":["GET"]}}],"collection":[{"href":"https:\/\/goerlitzer-meridian.de\/index.php?rest_route=\/wp\/v2\/pages"}],"about":[{"href":"https:\/\/goerlitzer-meridian.de\/index.php?rest_route=\/wp\/v2\/types\/page"}],"author":[{"embeddable":true,"href":"https:\/\/goerlitzer-meridian.de\/index.php?rest_route=\/wp\/v2\/users\/1"}],"replies":[{"embeddable":true,"href":"https:\/\/goerlitzer-meridian.de\/index.php?rest_route=%2Fwp%2Fv2%2Fcomments&post=276"}],"version-history":[{"count":7,"href":"https:\/\/goerlitzer-meridian.de\/index.php?rest_route=\/wp\/v2\/pages\/276\/revisions"}],"predecessor-version":[{"id":393,"href":"https:\/\/goerlitzer-meridian.de\/index.php?rest_route=\/wp\/v2\/pages\/276\/revisions\/393"}],"up":[{"embeddable":true,"href":"https:\/\/goerlitzer-meridian.de\/index.php?rest_route=\/wp\/v2\/pages\/126"}],"wp:attachment":[{"href":"https:\/\/goerlitzer-meridian.de\/index.php?rest_route=%2Fwp%2Fv2%2Fmedia&parent=276"}],"curies":[{"name":"wp","href":"https:\/\/api.w.org\/{rel}","templated":true}]}}