{"id":483,"date":"2016-01-21T10:32:00","date_gmt":"2016-01-21T08:32:00","guid":{"rendered":"http:\/\/goerlitzer-meridian.de\/?page_id=483"},"modified":"2016-01-21T10:32:00","modified_gmt":"2016-01-21T08:32:00","slug":"2014-ranga-yogeshwar","status":"publish","type":"page","link":"https:\/\/goerlitzer-meridian.de\/?page_id=483","title":{"rendered":"2014 \u2013 Ranga Yogeshwar"},"content":{"rendered":"<p><a href=\"https:\/\/goerlitzer-meridian.de\/wp-content\/uploads\/2014\/01\/preistraeger2014.jpg\"><img loading=\"lazy\" decoding=\"async\" class=\"size-medium wp-image-166 alignleft\" src=\"https:\/\/goerlitzer-meridian.de\/wp-content\/uploads\/2014\/01\/preistraeger2014-300x297.jpg\" alt=\"Ranga Yogeshwar\" width=\"300\" height=\"297\" srcset=\"https:\/\/goerlitzer-meridian.de\/wp-content\/uploads\/2014\/01\/preistraeger2014-300x297.jpg 300w, https:\/\/goerlitzer-meridian.de\/wp-content\/uploads\/2014\/01\/preistraeger2014-150x150.jpg 150w, https:\/\/goerlitzer-meridian.de\/wp-content\/uploads\/2014\/01\/preistraeger2014.jpg 921w\" sizes=\"auto, (max-width: 300px) 100vw, 300px\" \/><\/a>Der G\u00f6rlitzer Meridian-Naturfilmpreis 2014 ging an <strong><a href=\"http:\/\/www.yogeshwar.de\/index.php?id=1\" target=\"_blank\">Ranga Yogeshwar<\/a><\/strong>. Der TV-Wissenschaftsjournalist ist zwar kein klassischer Naturfilmer, aber einer der herausragendsten Vermittler von Naturforschung und -erkenntnis in Deutschland. Er setzt das bewegte Bild als Element f\u00fcr ein vernetztes Verstehen naturkundlicher Ph\u00e4nomene ein. Dazu produziert er \u2013selbst oder in Kooperation mit Partnern \u2013 Sequenzen und Kurzfilme, die spezielle naturwissenschaftliche Ph\u00e4nomene erl\u00e4utern und dokumentieren.<\/p>\n<p>Wie kaum einem anderen deutschen TV-Wissenschaftsjournalisten gelingt es ihm \u2013 stets authentisch und \u00e4u\u00dferst sympathisch &#8211; mit seinen pr\u00e4zisen Moderationen auch komplizierte Sachverhalte so zu fokussieren, dass sie sich einem breiten Publikum erschlie\u00dfen. Dieser Aufgabe widmet er sich seit fast 30 Jahren und hat in dieser Zeit \u2013 w\u00e4hrend unterschiedlicher Schaffensperioden &#8211; verschiedene Formate entwickelt, die f\u00fcr das Genre des TV-Wissenschaftsjournalismus in Deutschland und seine Kollegen oft wegweisend waren.<br \/>\n<img loading=\"lazy\" decoding=\"async\" class=\"wp-image-447 alignright\" src=\"https:\/\/goerlitzer-meridian.de\/wp-content\/uploads\/2014\/04\/neu_Startseite_Filmpreis-Yogeshwar-2014.jpg\" alt=\"\u00dcbergabe Filmpreis an Ranga Yogeshwar\" width=\"351\" height=\"263\" \/><br \/>\nRanga Yogeshwar wurde 1959 in Luxemburg als Sohn eines indischen Ingenieurs und einer luxemburgischen K\u00fcnstlerin geboren. Nach dem Physik-Studium ging er als Redakteur zum <strong><a href=\"http:\/\/www1.wdr.de\/themen\/index.html\" target=\"_blank\">Westdeutschen Rundfunk<\/a><\/strong> und leitete mehrere Jahre die Programmgruppe Wissenschaft. Seit 2008 arbeitet er als unabh\u00e4ngiger Journalist und Autor und geh\u00f6rt inzwischen zu den f\u00fchrenden Wissenschaftsjournalisten Deutschlands. Im Oktober 2011 erhielt er den <strong><a href=\"http:\/\/www.deutscher-fernsehpreis.de\/start_flash.htm\" target=\"_blank\">Deutschen Fernsehpreis<\/a><\/strong> f\u00fcr seine aufkl\u00e4rende und unaufgeregte Berichterstattung \u00fcber Fukushima. Derzeit moderiert er die TV-Sendungen <strong><a href=\"http:\/\/www.wdr.de\/tv\/quarks\/\" target=\"_blank\">\u201eQuarks&amp;Co\u201c<\/a><\/strong> beim WDR und <strong><a href=\"http:\/\/www.daserste.de\/information\/wissen-kultur\/wissen-vor-acht-ranga-yogeshwar\/sendung-ranga-yogeshwar\/index.html\" target=\"_blank\">\u201eWissen vor 8\u201c<\/a><\/strong> sowie <strong><a href=\"http:\/\/www.swr.de\/naturwunder\/-\/id=1223312\/11j12ai\/\" target=\"_blank\">\u201eDie gro\u00dfe Show der Naturwunder\u201c<\/a><\/strong> in der <strong><a href=\"http:\/\/www.ard.de\/home\/ard\/ARD_Startseite\/21920\/index.html\" target=\"_blank\">ARD<\/a><\/strong>.<\/p>\n<p><span style=\"color: #999999;\">Portr\u00e4tfoto \u00a9 Nora Yogeshwar<br \/>\nFoto Filmpreis \u00a9 Christian D\u00fcker\/ Senckenberg<br \/>\n<\/span><\/p>\n<p>&nbsp;<\/p>\n<p><strong><a href=\"https:\/\/goerlitzer-meridian.de\/?page_id=99\">Impressionen von der Preisverleihung 2014<\/a>\u00a0<\/strong><\/p>\n","protected":false},"excerpt":{"rendered":"<p>Der G\u00f6rlitzer Meridian-Naturfilmpreis 2014 ging an Ranga Yogeshwar. Der TV-Wissenschaftsjournalist ist zwar kein klassischer Naturfilmer, aber einer der herausragendsten Vermittler von Naturforschung und -erkenntnis in Deutschland. Er setzt das bewegte Bild als Element f\u00fcr ein vernetztes Verstehen naturkundlicher Ph\u00e4nomene ein. Dazu produziert er \u2013selbst oder in Kooperation mit Partnern \u2013 Sequenzen und Kurzfilme, die spezielle [&hellip;]<\/p>\n","protected":false},"author":1,"featured_media":0,"parent":126,"menu_order":0,"comment_status":"closed","ping_status":"closed","template":"","meta":{"footnotes":""},"class_list":["post-483","page","type-page","status-publish","hentry"],"_links":{"self":[{"href":"https:\/\/goerlitzer-meridian.de\/index.php?rest_route=\/wp\/v2\/pages\/483","targetHints":{"allow":["GET"]}}],"collection":[{"href":"https:\/\/goerlitzer-meridian.de\/index.php?rest_route=\/wp\/v2\/pages"}],"about":[{"href":"https:\/\/goerlitzer-meridian.de\/index.php?rest_route=\/wp\/v2\/types\/page"}],"author":[{"embeddable":true,"href":"https:\/\/goerlitzer-meridian.de\/index.php?rest_route=\/wp\/v2\/users\/1"}],"replies":[{"embeddable":true,"href":"https:\/\/goerlitzer-meridian.de\/index.php?rest_route=%2Fwp%2Fv2%2Fcomments&post=483"}],"version-history":[{"count":6,"href":"https:\/\/goerlitzer-meridian.de\/index.php?rest_route=\/wp\/v2\/pages\/483\/revisions"}],"predecessor-version":[{"id":534,"href":"https:\/\/goerlitzer-meridian.de\/index.php?rest_route=\/wp\/v2\/pages\/483\/revisions\/534"}],"up":[{"embeddable":true,"href":"https:\/\/goerlitzer-meridian.de\/index.php?rest_route=\/wp\/v2\/pages\/126"}],"wp:attachment":[{"href":"https:\/\/goerlitzer-meridian.de\/index.php?rest_route=%2Fwp%2Fv2%2Fmedia&parent=483"}],"curies":[{"name":"wp","href":"https:\/\/api.w.org\/{rel}","templated":true}]}}