{"id":677,"date":"2017-03-20T12:52:45","date_gmt":"2017-03-20T10:52:45","guid":{"rendered":"http:\/\/goerlitzer-meridian.de\/?page_id=677"},"modified":"2019-07-23T17:28:36","modified_gmt":"2019-07-23T15:28:36","slug":"2015-dirk-steffens","status":"publish","type":"page","link":"https:\/\/goerlitzer-meridian.de\/?page_id=677","title":{"rendered":"2015 \u2013 Dirk Steffens"},"content":{"rendered":"<p style=\"text-align: left;\"><img loading=\"lazy\" decoding=\"async\" class=\"alignright wp-image-639\" src=\"https:\/\/goerlitzer-meridian.de\/wp-content\/uploads\/2014\/01\/Filmpreis2015_03-c-J.-Gitschmann_600.jpg\" alt=\"Filmpreis2015_03 (c) J. Gitschmann_600\" width=\"297\" height=\"198\" \/><\/p>\n<p style=\"text-align: left;\">Am 19. M\u00e4rz 2016 wurde im s\u00e4chsischen G\u00f6rlitz dem Naturfilmer und Fernseh-Journalisten Dirk Steffens der mit 2.500 Euro dotierte Meridian Naturfilmpreis verliehen. Der Preis wird vom F\u00f6rderkreis des Naturkundemuseums G\u00f6rlitz alle zwei Jahre ausgelobt und wurde von einer Jury aus Naturfilmexperten, darunter Monika Seiffert und Christina Her\u00dfebroick vom MDR, der Biologe und Naturfilmer Felix Heidinger sowie der Tierbuchautor Dr. Friedrich Naglschmid, bereits zum achten Mal vergeben. Einige der ehemaligen Preistr\u00e4ger wie Karlheinz Baumann, Ernst Arendt, Hans Schweiger und Hans Fricke waren an dem Abend im G\u00f6rlitzer Humboldthaus ebenfalls anwesend.<\/p>\n<p><img loading=\"lazy\" decoding=\"async\" class=\"wp-image-641 alignleft\" src=\"https:\/\/goerlitzer-meridian.de\/wp-content\/uploads\/2014\/01\/Filmpreis2015_05-c-J.-Gitschmann_600.jpg\" alt=\"Filmpreis2015_05 (c) J. Gitschmann_600\" width=\"168\" height=\"252\" \/>Steffens stellte die besondere Bedeutung dieses Preises heraus, der ihn dazu ermutigte weiter zu machen. Dar\u00fcber hinaus sei die Verleihung solcher Preise wichtig f\u00fcr die Wahrnehmung bei den Fernsehanstalten. Denn diese entscheiden, was sie dem Publikum zu den besten Sendezeiten anbieten und es besteht ein t\u00e4gliches Ringen zwischen Gameshows, Krimis und eben solchen Wissenssendungen. Christoph Heinrich von der Umweltstiftung WWF, der in seiner Laudatio Steffens als den \u201eHumboldt\u201c von heute bezeichnete, bem\u00e4ngelte den sp\u00fcrbar geringen Wissensstand, den vor allem Kinder, aber auch deren Eltern und Lehrer mittlerweile aufweisen, wenn es um die heimische Natur geht. \u201eEs ist erschreckend, wie viele Kinder keine Eiche und keine Amsel erkennen k\u00f6nnen\u201c, so Heinrich. Steffens stelle die Natur- und Umweltph\u00e4nomene in einer f\u00fcr alle Generationen ansprechenden Art und Weise dar.<\/p>\n<p>Der Meridian Naturfilmpreis ist einer der vier bedeutenden Naturfilmpreise in Deutschland. Sein Alleinstellungmerkmal ist, dass er als einziges das Gesamtwerk eines Naturfilmers ehre.<br \/>\n<a href=\"https:\/\/www.facebook.com\/DirkSteffensOfficial\"><img loading=\"lazy\" decoding=\"async\" class=\"alignright wp-image-640\" src=\"https:\/\/goerlitzer-meridian.de\/wp-content\/uploads\/2014\/01\/Filmpreis2015_04-c-J.-Gitschmann_600.jpg\" alt=\"Filmpreis2015_04 (c) J. Gitschmann_600\" width=\"274\" height=\"182\" \/><br \/>\nDirk Steffens<\/a> ist freier TV-Autor, Moderator, Dokumentar- und Naturfilmer und Produzent von Fernseh- und H\u00f6rfunksendungen. Er entwickelte eigene, bemerkenswert authentische Wissenschafts- und Naturfilmformate, bei denen er sehr oft selber vor der Kamera agiert und als Moderator naturkundliche, biologische und arch\u00e4ologische Ph\u00e4nomene erl\u00e4utert sowie unbekannte Regionen der Erde einem breiten Publikum n\u00e4her bringt.<\/p>\n<p style=\"text-align: left;\">Seit \u00fcber 20 Jahren war und ist er f\u00fcr unterschiedliche Fernsehsender (VOX, ZDF, SWF, WDR 3, Arte) und Sendereihen t\u00e4tig. Bekannt wurde er durch die Terra X-Dokumentationsreihe &#8222;Faszination Erde&#8220;, die er seit 2008 moderiert.<\/p>\n<p style=\"text-align: left;\"><span style=\"color: #999999;\"><span style=\"color: #333333;\">Dirk Steffens engagiert sich als Deutschlandbotschafter unter anderem f\u00fcr die Umweltstiftung WWF Deutschland und die Deutsche Sektion des Jane-Goodall-Instituts. Er erhielt zahlreiche Preise unter anderem die Goldene Kamera (2011) und den Walter-Scheel-Preis (2013).<\/span><\/span><\/p>\n<p><em><span style=\"color: #999999;\"> Fotos: J. Gitschmann\/Senckenberg<\/span><\/em><\/p>\n","protected":false},"excerpt":{"rendered":"<p>Am 19. M\u00e4rz 2016 wurde im s\u00e4chsischen G\u00f6rlitz dem Naturfilmer und Fernseh-Journalisten Dirk Steffens der mit 2.500 Euro dotierte Meridian Naturfilmpreis verliehen. Der Preis wird vom F\u00f6rderkreis des Naturkundemuseums G\u00f6rlitz alle zwei Jahre ausgelobt und wurde von einer Jury aus Naturfilmexperten, darunter Monika Seiffert und Christina Her\u00dfebroick vom MDR, der Biologe und Naturfilmer Felix Heidinger [&hellip;]<\/p>\n","protected":false},"author":1,"featured_media":0,"parent":126,"menu_order":0,"comment_status":"closed","ping_status":"closed","template":"","meta":{"footnotes":""},"class_list":["post-677","page","type-page","status-publish","hentry"],"_links":{"self":[{"href":"https:\/\/goerlitzer-meridian.de\/index.php?rest_route=\/wp\/v2\/pages\/677","targetHints":{"allow":["GET"]}}],"collection":[{"href":"https:\/\/goerlitzer-meridian.de\/index.php?rest_route=\/wp\/v2\/pages"}],"about":[{"href":"https:\/\/goerlitzer-meridian.de\/index.php?rest_route=\/wp\/v2\/types\/page"}],"author":[{"embeddable":true,"href":"https:\/\/goerlitzer-meridian.de\/index.php?rest_route=\/wp\/v2\/users\/1"}],"replies":[{"embeddable":true,"href":"https:\/\/goerlitzer-meridian.de\/index.php?rest_route=%2Fwp%2Fv2%2Fcomments&post=677"}],"version-history":[{"count":3,"href":"https:\/\/goerlitzer-meridian.de\/index.php?rest_route=\/wp\/v2\/pages\/677\/revisions"}],"predecessor-version":[{"id":753,"href":"https:\/\/goerlitzer-meridian.de\/index.php?rest_route=\/wp\/v2\/pages\/677\/revisions\/753"}],"up":[{"embeddable":true,"href":"https:\/\/goerlitzer-meridian.de\/index.php?rest_route=\/wp\/v2\/pages\/126"}],"wp:attachment":[{"href":"https:\/\/goerlitzer-meridian.de\/index.php?rest_route=%2Fwp%2Fv2%2Fmedia&parent=677"}],"curies":[{"name":"wp","href":"https:\/\/api.w.org\/{rel}","templated":true}]}}