{"id":720,"date":"2018-06-28T10:58:44","date_gmt":"2018-06-28T08:58:44","guid":{"rendered":"http:\/\/goerlitzer-meridian.de\/?page_id=720"},"modified":"2018-06-28T11:11:06","modified_gmt":"2018-06-28T09:11:06","slug":"datenschutz","status":"publish","type":"page","link":"https:\/\/goerlitzer-meridian.de\/?page_id=720","title":{"rendered":"Datenschutz"},"content":{"rendered":"<header class=\"entry-header\">\n<p class=\"entry-title\">Der Schutz personenbezogener Daten ist uns ein wichtiges Anliegen. Deswegen erhebt und verarbeitet der G\u00f6rlitzer Meridian Naturfilmpreis Ihre Daten auf dieser Website ausschlie\u00dflich gem\u00e4\u00df den europ\u00e4ischen Vorgaben der\u00a0<strong style=\"font-size: 16px;\">Datenschutzgrundverordnung (DSGVO) in Verbindung mit dem neuen Bundesdatenschutzgesetz (BDSG-neu) und dem Telemediengesetz (TMG)<\/strong><span style=\"font-size: 16px;\">\u00a0f\u00fcr Vereinszwecke des G\u00f6rlitzer Meridian Naturfilmpreises. Personenbezogene Daten werden vom G\u00f6rlitzer Meridian Naturfilmpreis deswegen nur erhoben, genutzt und weitergegeben, wenn dies gesetzlich erlaubt ist oder wenn Sie ausdr\u00fccklich in die Datenerhebung einwilligen.<\/span><\/p>\n<\/header>\n<div class=\"entry-content\">\n<p>Die Adresse unserer Website ist:\u00a0<a href=\"http:\/\/foerderkreis-smng.de\/\">https:\/\/goerlitzer-meridian.de<\/a>.<\/p>\n<p>Kontakt:<br \/>\nG\u00f6rlitzer Meridian Naturfilmpreis<br \/>\nAnsprechpartner: Dr. Christian D\u00fcker<br \/>\nc\/o Senckenberg Museum f\u00fcr Naturkunde G\u00f6rlitz<br \/>\nAm Museum 1<br \/>\n02826 G\u00f6rlitz<\/p>\n<p>Tel. +49 (0)3581 \u2013 47605210<br \/>\nFax\u00a0+49 (0)3581 \u2013 47605219<br \/>\nE-Mail: christian.dueker@senckenberg.de<\/p>\n<p><strong>Rechtsgrundlagen f\u00fcr die Datenverarbeitung gem. DSGVO<br \/>\n<\/strong>F\u00fcr die Einholung von Einwilligungen gilt Art. 6 Abs. 1 a und Art. 7 DSGVO, die Rechtsgrundlage f\u00fcr die Verarbeitung zur Durchf\u00fchrung vertraglicher Ma\u00dfnahmen und zur Beantwortung von Anfragen ist Art. 6 Abs. 1 b DSGVO. Die Verarbeitung zur Erf\u00fcllung rechtlicher Verpflichtungen erfolgt gem\u00e4\u00df Art. 6 Abs. 1 c DSGVO. Die Rechtsgrundlage f\u00fcr die Verarbeitung zur Wahrung der berechtigten Interessen des G\u00f6rlitzer Meridian Naturfilmpreises ist Art. 6 Abs. 1 f DSGVO. F\u00fcr den Fall, dass lebenswichtige Interessen der betroffenen Person oder einer anderen nat\u00fcrlichen Person eine Verarbeitung personenbezogener Daten erforderlich machen, gilt Art. 6 Abs. 1 d DSGVO.<\/p>\n<p>Das ist beim G\u00f6rlitzer Meridian Naturfilmpreis insbesondere das Erheben, Speichern und Verarbeiten Ihrer Kontakt- und Nutzungsdaten:<br \/>\nVor- und Nachname, Titel, Stra\u00dfe und Hausnummer, Postleitzahl und Wohnort, E-Mail-Adresse und Inhaltsangaben aus dem Kontaktformular,<\/p>\n<p>\u2013\u00a0\u00a0\u00a0\u00a0\u00a0\u00a0 zur Versendung von Spendenbescheinigungen im Anschluss an Ihre Spende gem\u00e4\u00df Art. 6 Abs. 1 b DSGVO,<br \/>\n\u2013\u00a0\u00a0\u00a0\u00a0\u00a0\u00a0 zur Zusammenarbeit mit verbundenen Unternehmen f\u00fcr die Spendenbetreuung und den Bankeinzug,<br \/>\n\u2013\u00a0\u00a0\u00a0\u00a0\u00a0\u00a0 zur Zurverf\u00fcgungstellung des Onlineangebots, der Erhaltung der Funktionsf\u00e4higkeit dieser Webseite und zum Marketing gem\u00e4\u00df Art 6 Abs. 1 f DSGVO.<\/p>\n<p>Dar\u00fcber hinaus geben wir Ihre Daten gem\u00e4\u00df Art 6 Abs. 1 b DSGVO grunds\u00e4tzlich nicht an Dritte weiter.<\/p>\n<p><strong>\u00dcbermittlungen in Drittl\u00e4nder<br \/>\n<\/strong>Sofern Daten in einem Drittland (d.h. au\u00dferhalb der Europ\u00e4ischen Union (EU) oder des Europ\u00e4ischen Wirtschaftsraums (EWR) verarbeitet werden, erfolgt dies nur, wenn es zur Erf\u00fcllung der vertraglichen Pflichten, auf Grundlage Ihrer Einwilligung, aufgrund einer rechtlichen Verpflichtung oder auf Grundlage unserer berechtigten Interessen geschieht. Die Daten werden nur beim Vorliegen der besonderen Voraussetzungen der Art. 44 ff. DSGVO in einem Drittland verarbeitet (offiziell anerkannte Feststellung eines der EU entsprechenden Datenschutzniveaus, z.B. f\u00fcr die USA durch das \u201ePrivacy Shield\u201c oder offiziell anerkannte spezielle vertragliche Verpflichtungen, so genannte \u201eStandardvertragsklauseln\u201c).<\/p>\n<p><strong>Einwilligung und Widerspruchsrecht<br \/>\n<\/strong><strong>Der Verwendung Ihrer Daten k\u00f6nnen Sie jederzeit formlos widersprechen.<\/strong>\u00a0Ferner haben Sie unter bestimmten Voraussetzungen gem\u00e4\u00df Art 15 ff DSGVO ein Recht auf Auskunft, Berichtigung, Sperrung und L\u00f6schung der von uns gespeicherten Daten.<br \/>\nBitte wenden Sie sich hierzu per Mail an christian.dueker@senckenberg.de\u00a0oder per Post an:<\/p>\n<p>G\u00f6ritzer Meridian Naturfilmpreis<br \/>\nc\/o Senckenberg Museum f\u00fcr Naturkunde<br \/>\nAm Museum 1<br \/>\n02826 G\u00f6rlitz<\/p>\n<p>Au\u00dferdem haben Sie gem\u00e4\u00df Art. 77 DSGVO i.V.m. \u00a7 40 BDSG-neu unter bestimmten Voraussetzungen das Recht zur Beschwerde bei einer Aufsichtsbeh\u00f6rde.<\/p>\n<p><strong>Personenbezogene Daten<br \/>\n<\/strong>Personenbezogene Daten sind alle Angaben \u00fcber Ihre pers\u00f6nlichen oder sachlichen Verh\u00e4ltnisse, mit deren Hilfe eine Person bestimmbar ist. Darunter fallen Angaben wie beispielsweise Ihr Name, Ihre Adresse, Postanschrift, Telefonnummer und E-Mail Adresse. Informationen, die nicht direkt mit Ihrer wirklichen Identit\u00e4t in Verbindung gebracht werden k\u00f6nnen (wie zum Beispiel die Dauer eines Besuchs auf der Website oder die Anzahl der Nutzer der Website\u00a0<strong>ohne Zuordnungsm\u00f6glichkeit zu Ihrer IP-Adresse<\/strong>), fallen nicht darunter.<\/p>\n<p>\u00dcbermittelte personenbezogene Daten werden dar\u00fcber hinaus nicht an Dritte weitergegeben, es sei denn dies ist gesetzlich zwingend erforderlich. Sie werden entsprechend der gesetzlichen Vorgaben nach Abschluss des Gesch\u00e4ftsvorgangs und nach Abschluss der gesetzlichen Aufbewahrungspflichten gel\u00f6scht.<\/p>\n<p><strong>Server-Logfiles\/Zugriffsdaten<br \/>\n<\/strong>Der Zugriff auf die Webseiten dieser Internetpr\u00e4senz wird\u00a0<strong>gem\u00e4\u00df Art. 6 Abs. 1 f DSGVO i.V.m. BDSG-neu<\/strong>\u00a0protokolliert. Hierzu geh\u00f6ren: Name der Webseite, Datei, Datum und Uhrzeit des Zugriffs, \u00fcbertragene Datenmenge, Browsertyp, Betriebssystem des Nutzers, Referrer-URL und IP-Adresse. Die Daten werden zu statistischen Zwecken und zur Verbesserung des Angebots ausgewertet. Die Vorschriften des TMG finden Anwendung.<\/p>\n<p><strong>Einbindung von Diensten und Inhalten Dritter<br \/>\n<\/strong>Es kann vorkommen, dass innerhalb dieses Onlineangebotes Inhalte Dritter, wie zum Beispiel Videos von YouTube, Kartenmaterial von Google-Maps, RSS-Feeds oder Grafiken von anderen Webseiten eingebunden werden. Dies setzt immer voraus, dass die Anbieter dieser Inhalte (nachfolgend bezeichnet als Dritt-Anbieter) die IP-Adresse der Nutzer wahrnehmen, denn ohne die IP-Adresse k\u00f6nnten sie die Inhalte nicht an den Browser des jeweiligen Nutzers senden. Die IP-Adresse ist damit f\u00fcr die Darstellung dieser Inhalte erforderlich. Wir bem\u00fchen uns, nur solche Inhalte zu verwenden, deren jeweilige Anbieter die IP-Adresse lediglich zur Auslieferung der Inhalte verwenden. Jedoch haben wir keinen Einfluss darauf, falls die Dritt-Anbieter die IP-Adresse z.B. f\u00fcr statistische Zwecke speichern. Soweit dies uns bekannt ist, kl\u00e4ren wir die Nutzer dar\u00fcber auf.<\/p>\n<p><strong>Cookies<br \/>\n<\/strong>Diese Internetpr\u00e4senz verwendet Cookies. Dies ist eine kleine Profildatei, die auf Ihrer Festplatte gespeichert wird. Sie erm\u00f6glichen die Feststellung, ob Sie erneut unsere Internetpr\u00e4senz besuchen. Die Information ist keiner bestimmten Person zuordenbar. Sie k\u00f6nnen die Cookies auch deaktivieren. N\u00e4heres hierzu entnehmen Sie bitte der Benutzeranleitung Ihres Internetbrowsers. In diesem Fall kann der Besuch der Internetpr\u00e4senz nur eingeschr\u00e4nkt m\u00f6glich sein.<\/p>\n<p><strong>Speicherfristen<br \/>\n<\/strong>Alle personenbezogenen Daten werden unmittelbar nach Beendigung des Zwecks der Verarbeitung gel\u00f6scht.<\/p>\n<p><strong>Datenschutz-Hinweis gem. \u00a7 13 TMG<br \/>\n<\/strong>Gem\u00e4\u00df den Bestimmungen des TMG weisen wir darauf hin, dass s\u00e4mtliche an uns \u00fcber diese Website \u00fcbermittelten personenbezogenen Daten nicht \u00fcber den zur Leistungserbringung hinaus erforderlichen Zeitraum und nicht in einem Ma\u00dfe, welche den zur Leistungserbringung unerl\u00e4sslichen Umfang der Daten \u00fcberschreitet, verarbeitet und gespeichert werden.<\/p>\n<p><strong>Urheberrecht<\/strong><br \/>\nAlle Inhalte, Bilder oder Grafiken sind urheberrechtlich gesch\u00fctzt und d\u00fcrfen nur mit schriftlicher Genehmigung des jeweiligen Rechteinhabers verwendet werden.<\/p>\n<p><strong>Haftung f\u00fcr Links<br \/>\n<\/strong>Unser Angebot enth\u00e4lt Links zu externen Webseiten Dritter (z.B. YouTube), auf deren Inhalte wir keinen Einfluss haben. F\u00fcr die Darstellung des Inhalts wird Ihre IP-Adresse an den Dritten weitergeleitet. Der F\u00f6rderkreis Naturkundemuseum G\u00f6rlitz kann f\u00fcr diese fremden Inhalte und die Einhaltung der Datenschutzregelungen keine Gew\u00e4hr \u00fcbernehmen. F\u00fcr die Inhalte der verlinkten Seiten ist stets der jeweilige Anbieter oder Betreiber der Seiten verantwortlich.<\/p>\n<p><strong>Impressum<br \/>\n<\/strong>Der Nutzung von im Rahmen der Impressumspflicht ver\u00f6ffentlichten Kontaktdaten durch Dritte zur \u00dcbersendung von nicht ausdr\u00fccklich angeforderter Werbung und Informationsmaterialien wird hiermit ausdr\u00fccklich widersprochen. Die Betreiber der Seiten behalten sich ausdr\u00fccklich rechtliche Schritte im Falle der unverlangten Zusendung von Werbeinformationen, etwa durch Spam-Mails, vor.<\/p>\n<p>Stand: 25. Mai 2018<\/p>\n<\/div>\n","protected":false},"excerpt":{"rendered":"<p>Der Schutz personenbezogener Daten ist uns ein wichtiges Anliegen. Deswegen erhebt und verarbeitet der G\u00f6rlitzer Meridian Naturfilmpreis Ihre Daten auf dieser Website ausschlie\u00dflich gem\u00e4\u00df den europ\u00e4ischen Vorgaben der\u00a0Datenschutzgrundverordnung (DSGVO) in Verbindung mit dem neuen Bundesdatenschutzgesetz (BDSG-neu) und dem Telemediengesetz (TMG)\u00a0f\u00fcr Vereinszwecke des G\u00f6rlitzer Meridian Naturfilmpreises. Personenbezogene Daten werden vom G\u00f6rlitzer Meridian Naturfilmpreis deswegen nur erhoben, [&hellip;]<\/p>\n","protected":false},"author":1,"featured_media":0,"parent":0,"menu_order":0,"comment_status":"closed","ping_status":"closed","template":"","meta":{"footnotes":""},"class_list":["post-720","page","type-page","status-publish","hentry"],"_links":{"self":[{"href":"https:\/\/goerlitzer-meridian.de\/index.php?rest_route=\/wp\/v2\/pages\/720","targetHints":{"allow":["GET"]}}],"collection":[{"href":"https:\/\/goerlitzer-meridian.de\/index.php?rest_route=\/wp\/v2\/pages"}],"about":[{"href":"https:\/\/goerlitzer-meridian.de\/index.php?rest_route=\/wp\/v2\/types\/page"}],"author":[{"embeddable":true,"href":"https:\/\/goerlitzer-meridian.de\/index.php?rest_route=\/wp\/v2\/users\/1"}],"replies":[{"embeddable":true,"href":"https:\/\/goerlitzer-meridian.de\/index.php?rest_route=%2Fwp%2Fv2%2Fcomments&post=720"}],"version-history":[{"count":6,"href":"https:\/\/goerlitzer-meridian.de\/index.php?rest_route=\/wp\/v2\/pages\/720\/revisions"}],"predecessor-version":[{"id":728,"href":"https:\/\/goerlitzer-meridian.de\/index.php?rest_route=\/wp\/v2\/pages\/720\/revisions\/728"}],"wp:attachment":[{"href":"https:\/\/goerlitzer-meridian.de\/index.php?rest_route=%2Fwp%2Fv2%2Fmedia&parent=720"}],"curies":[{"name":"wp","href":"https:\/\/api.w.org\/{rel}","templated":true}]}}