{"id":89,"date":"2014-01-28T14:46:25","date_gmt":"2014-01-28T12:46:25","guid":{"rendered":"http:\/\/goerlitzer-meridian.de\/?page_id=89"},"modified":"2014-02-07T16:57:07","modified_gmt":"2014-02-07T14:57:07","slug":"kontakt","status":"publish","type":"page","link":"https:\/\/goerlitzer-meridian.de\/?page_id=89","title":{"rendered":"Kontakt\/ Impressum"},"content":{"rendered":"<p><span>F\u00f6rderkreis Naturkundemuseum G\u00f6rlitz e.V.<br \/>\nAnsprechpartner: Dr. Christian D\u00fcker<\/span><br \/>\n<span>c\/o<\/span> <span>Senckenberg Museum f\u00fcr Naturkunde G\u00f6rlitz<\/span><br \/>\n<span>Am Museum 1<\/span><br \/>\n<span>02826 G\u00f6rlitz<\/span><\/p>\n<p><span>Tel.: +49 (0)3581 &#8211; 47605210<\/span><br \/>\n<span>E-Mail: christian.dueker@senckenberg.de<\/span><\/p>\n<p>&nbsp;<\/p>\n<h4>Impressum<\/h4>\n<p><span style=\"text-decoration: underline;\">Verantwortlicher Anbieter im Sinne des \u00a75 TMG:<\/span><br \/>\nF\u00f6rderkreis Naturkundemuseum G\u00f6rlitz e.V.<br \/>\nc\/o Senckenberg Museum f\u00fcr Naturkunde G\u00f6rlitz<br \/>\nAm Museum 1<br \/>\n02826 G\u00f6rlitz<br \/>\nTel.: +49 (0)3581 &#8211; 47605100<br \/>\nE-Mail: post-gr@senckenberg.de<\/p>\n<p>Gesetzlicher Vertreter: Herr Thomas Neumann, 1. Vorsitzender des F\u00f6rderkreises Naturkundemuseum G\u00f6rlitz<\/p>\n<p>Durch den Zugriff auf die Seiten des G\u00f6rlitzer Meridian Naturfilmpreises erkl\u00e4ren Sie Ihr Einverst\u00e4ndnis mit den folgenden Nutzungsbedingungen. Wenn Sie mit diesen Bedingungen nicht einverstanden sind, d\u00fcrfen Sie auf diese Seiten nicht zur\u00fcckgreifen.<br \/>\nDie Inhalte dieser Seite werden &#8222;as is&#8220; zur Verf\u00fcgung gestellt. Das bedeutet, soweit gesetzliche Vorschriften nichts anderes vorschreiben, dass keinerlei Gew\u00e4hrleistung (weder ausdr\u00fccklich noch stillschweigend) im Hinblick auf die Richtigkeit, Verl\u00e4sslichkeit oder die Inhalte der einzelnen Seiten \u00fcbernommen wird. Der F\u00f6rderkeis Naturkundemuseum G\u00f6rlitz \u00fcbernimmt keine Haftung f\u00fcr Sch\u00e4den, die im Zusammenhang mit jeglicher Nutzung seiner Webseiten entstehen.<br \/>\nWerden Ratschl\u00e4ge oder Empfehlungen abgegeben, handelt es sich um unverbindliche Ausk\u00fcnfte (\u00a7 675 Abs. 2 BGB). Der F\u00f6rderkreis beh\u00e4lt sich das Recht vor, die Seiten jederzeit zu \u00fcberarbeiten oder aus dem Netz zu nehmen. S\u00e4mtliche auf den Seiten des G\u00f6rlitzer Meridian-Naturfilmpreises enthaltenen Abbildungen, Grafiken, Tabellen und Texte sind urheberrechtlich gesch\u00fctzt. Eine Vervielf\u00e4ltigung, Verbreitung, Ver\u00e4nderung oder sonstige Nutzung, auch auszugsweise, ist Ihnen nicht gestattet und bed\u00fcrfen vorheriger schriftlicher Zustimmung durch den F\u00f6rderkeis Naturkundemuseum G\u00f6rlitz.<\/p>\n<p>Copyright<br \/>\nAlle Inhalte, Bilder oder Grafiken sind urheberrechtlich gesch\u00fctzt und d\u00fcrfen nur mit schriftlicher Genehmigung des jeweiligen Rechteinhabers verwendet werden.<\/p>\n","protected":false},"excerpt":{"rendered":"<p>F\u00f6rderkreis Naturkundemuseum G\u00f6rlitz e.V. Ansprechpartner: Dr. Christian D\u00fcker c\/o Senckenberg Museum f\u00fcr Naturkunde G\u00f6rlitz Am Museum 1 02826 G\u00f6rlitz Tel.: +49 (0)3581 &#8211; 47605210 E-Mail: christian.dueker@senckenberg.de &nbsp; Impressum Verantwortlicher Anbieter im Sinne des \u00a75 TMG: F\u00f6rderkreis Naturkundemuseum G\u00f6rlitz e.V. c\/o Senckenberg Museum f\u00fcr Naturkunde G\u00f6rlitz Am Museum 1 02826 G\u00f6rlitz Tel.: +49 (0)3581 &#8211; 47605100 [&hellip;]<\/p>\n","protected":false},"author":1,"featured_media":0,"parent":0,"menu_order":1,"comment_status":"closed","ping_status":"closed","template":"","meta":{"footnotes":""},"class_list":["post-89","page","type-page","status-publish","hentry"],"_links":{"self":[{"href":"https:\/\/goerlitzer-meridian.de\/index.php?rest_route=\/wp\/v2\/pages\/89","targetHints":{"allow":["GET"]}}],"collection":[{"href":"https:\/\/goerlitzer-meridian.de\/index.php?rest_route=\/wp\/v2\/pages"}],"about":[{"href":"https:\/\/goerlitzer-meridian.de\/index.php?rest_route=\/wp\/v2\/types\/page"}],"author":[{"embeddable":true,"href":"https:\/\/goerlitzer-meridian.de\/index.php?rest_route=\/wp\/v2\/users\/1"}],"replies":[{"embeddable":true,"href":"https:\/\/goerlitzer-meridian.de\/index.php?rest_route=%2Fwp%2Fv2%2Fcomments&post=89"}],"version-history":[{"count":13,"href":"https:\/\/goerlitzer-meridian.de\/index.php?rest_route=\/wp\/v2\/pages\/89\/revisions"}],"predecessor-version":[{"id":414,"href":"https:\/\/goerlitzer-meridian.de\/index.php?rest_route=\/wp\/v2\/pages\/89\/revisions\/414"}],"wp:attachment":[{"href":"https:\/\/goerlitzer-meridian.de\/index.php?rest_route=%2Fwp%2Fv2%2Fmedia&parent=89"}],"curies":[{"name":"wp","href":"https:\/\/api.w.org\/{rel}","templated":true}]}}